{"id":30838,"date":"2025-10-21T22:49:59","date_gmt":"2025-10-21T20:49:59","guid":{"rendered":"https:\/\/innovation.atlasbalans.com\/kakor\/"},"modified":"2025-12-18T10:13:21","modified_gmt":"2025-12-18T09:13:21","slug":"cookies","status":"publish","type":"page","link":"https:\/\/fasciainnovation.com\/sv\/cookies\/","title":{"rendered":"cookies"},"content":{"rendered":"\t\t<div data-elementor-type=\"wp-page\" data-elementor-id=\"30838\" class=\"elementor elementor-30838 elementor-29423\" data-elementor-post-type=\"page\">\n\t\t\t\t<div class=\"elementor-element elementor-element-fd9d521 e-flex e-con-boxed e-con e-parent\" data-id=\"fd9d521\" data-element_type=\"container\" data-e-type=\"container\">\n\t\t\t\t\t<div class=\"e-con-inner\">\n\t\t\t\t<div class=\"elementor-element elementor-element-3b7b4b3 elementor-widget__width-initial elementor-widget elementor-widget-text-editor\" data-id=\"3b7b4b3\" data-element_type=\"widget\" data-e-type=\"widget\" data-widget_type=\"text-editor.default\">\n\t\t\t\t\t\t\t\t\t<div class=\"wpb_text_column wpb_content_element \"><div class=\"wpb_wrapper\"><p><strong>Atlasbalans anv\u00e4nder cookies p\u00e5 sina webbplatser p\u00e5 det s\u00e4tt som beskrivs nedan. Genom att till\u00e5ta cookies i din webbl\u00e4sare och forts\u00e4tta att anv\u00e4nda Atlasbalans webbplatser ger du ditt samtycke till att vi anv\u00e4nder cookies enligt denna policy och den underliggande integritetspolicyn (om till\u00e4mpligt). <\/strong><\/p><\/div><\/div><div class=\"wpb_text_column wpb_content_element \"><div class=\"wpb_wrapper\"><p>Du kan n\u00e4r som helst st\u00e4nga av eller \u00e4ndra anv\u00e4ndningen av cookies i din webbl\u00e4sare. Om du inaktiverar eller nekar cookies, observera att vissa delar av v\u00e5ra webbplatser kan bli otillg\u00e4ngliga eller inte fungera korrekt.<\/p><p>N\u00e4r du bes\u00f6ker en webbplats som anv\u00e4nder cookies b\u00f6r du f\u00e5 information om:<\/p><ul><li>anv\u00e4ndningen av cookies p\u00e5 webbplatsen;<\/li><li>vem som anv\u00e4nder kakorna;<\/li><li>vad cookies anv\u00e4nds till; och<\/li><li>hur du som anv\u00e4ndare kan undvika cookies.<\/li><\/ul><p>Det \u00e4r ocks\u00e5 viktigt att du har m\u00f6jlighet att ge ditt samtycke n\u00e4r du anv\u00e4nder en webbplats. Du b\u00f6r dessutom ha m\u00f6jlighet att v\u00e4lja att v\u00e4gra anv\u00e4ndning av cookies. I inst\u00e4llningarna i din webbl\u00e4sare kan du v\u00e4lja att aktivera och avaktivera cookies.  <\/p><\/div><\/div><div class=\"wpb_text_column wpb_content_element \"><div class=\"wpb_wrapper\"><h2>Vad \u00e4r cookies och hur anv\u00e4nds de?<\/h2><\/div><\/div><div class=\"wpb_text_column wpb_content_element \"><div class=\"wpb_wrapper\"><p>Cookies \u00e4r sm\u00e5 textfiler som skickas och lagras p\u00e5 din enhet (dator, mobiltelefon och surfplatta). Anv\u00e4ndningen av cookies \u00e4r vanlig p\u00e5 de flesta webbplatser f\u00f6r att se till att du som anv\u00e4ndare f\u00e5r ut s\u00e5 mycket som m\u00f6jligt av webbplatsen. Det finns ocks\u00e5 cookies som g\u00f6r det enklare f\u00f6r dig att anv\u00e4nda webbplatsen och f\u00f6rb\u00e4ttrar din anv\u00e4ndarupplevelse.  <\/p><p>Det finns tv\u00e5 typer av cookies, permanenta och tillf\u00e4lliga (s.k. sessionscookies). Permanenta cookies lagras p\u00e5 din enhet under en l\u00e4ngre tid men har ett utg\u00e5ngsdatum. Dessa cookies kan anv\u00e4ndas f\u00f6r att anpassa webbplatsen till dina krav och intressen. De kan ocks\u00e5 anv\u00e4ndas f\u00f6r att informera webbplatsen om \u00e4ndringar som har gjorts sedan ditt senaste bes\u00f6k p\u00e5 webbplatsen. Den lagrade cookien tas bort fr\u00e5n din enhet n\u00e4sta g\u00e5ng du bes\u00f6ker webbplatsen om utg\u00e5ngsdatumet har passerats. Sessionscookies har inget utg\u00e5ngsdatum och lagras endast tillf\u00e4lligt p\u00e5 din enhet. De tas bort s\u00e5 snart du st\u00e4nger din webbl\u00e4sare. Sessionscookies kan t.ex. h\u00e5lla reda p\u00e5 vilket spr\u00e5k du v\u00e4ljer.       <\/p><p>Exempel p\u00e5 vad cookies kan anv\u00e4ndas till:<\/p><ul><li>N\u00e4r du loggar in p\u00e5 en webbplats placeras en cookie p\u00e5 din enhet. Den cookien skickas till n\u00e4sta sida du bes\u00f6ker och kan d\u00e4rf\u00f6r h\u00e5lla reda p\u00e5 ditt anv\u00e4ndarnamn och l\u00f6senord n\u00e4r du loggar in. Tack vare den cookien beh\u00f6ver du inte logga in p\u00e5 varje ny sida.  <\/li><li>En cookie kan placeras p\u00e5 en webbplats f\u00f6r att h\u00e5lla reda p\u00e5 vilka produkter du l\u00e4gger i kundvagnen.<\/li><li>F\u00f6r att du som anv\u00e4ndare ska kunna skr\u00e4ddarsy din egen anv\u00e4ndarupplevelse, t.ex. genom att h\u00e5lla reda p\u00e5 vilket spr\u00e5k du v\u00e4ljer eller vilken teckenstorlek du f\u00f6redrar.<\/li><li>En cookie kan anv\u00e4ndas f\u00f6r att komma ih\u00e5g att du har deltagit i en unders\u00f6kning och hindra dig fr\u00e5n att delta i samma unders\u00f6kning igen.<\/li><li>F\u00f6r att registrera vilka anv\u00e4ndare som bes\u00f6kt en webbplats och med den informationen kunna skapa annonser eller personligt inneh\u00e5ll f\u00f6r specifika anv\u00e4ndare. M\u00e5nga av de cookies som anv\u00e4nds f\u00f6r att skapa personliga annonser \u00e4r tredjepartscookies. <\/li><li>Cookies kan anv\u00e4ndas f\u00f6r att f\u00e5 statistik och l\u00e4ra dig mer om din m\u00e5lgrupp. M\u00e5nga av de cookies som anv\u00e4nds f\u00f6r att f\u00e5 statistik \u00e4r tredjepartscookies. <\/li><\/ul><\/div><\/div><div class=\"wpb_text_column wpb_content_element \"><div class=\"wpb_wrapper\"><h2>Varf\u00f6r anv\u00e4nder Atlasbalans cookies?<\/h2><\/div><\/div><div class=\"wpb_text_column wpb_content_element \"><div class=\"wpb_wrapper\"><p>Vi anv\u00e4nder cookies f\u00f6r att ge en mer personlig anv\u00e4ndarupplevelse till v\u00e5ra anv\u00e4ndare och kunder. Vi anv\u00e4nder till exempel cookies f\u00f6r att du som anv\u00e4ndare ska kunna logga in p\u00e5 v\u00e5r webbplats och spara ditt anv\u00e4ndarnamn och l\u00f6senord. Med den cookien beh\u00f6ver du inte skriva in dem varje g\u00e5ng du bes\u00f6ker webbplatsen.  <\/p><p>Vi anv\u00e4nder ocks\u00e5 cookies f\u00f6r att h\u00e5lla reda p\u00e5 v\u00e5r statistik. Till exempel kan vi se var v\u00e5ra kunder och anv\u00e4ndare kommer ifr\u00e5n, m\u00e4ta webbplatsens prestanda och g\u00f6ra retargeting-annonser. <\/p><\/div><\/div><div class=\"wpb_text_column wpb_content_element \"><div class=\"wpb_wrapper\"><h2>Vilken typ av cookies anv\u00e4nder Atlasbalans?<\/h2><\/div><\/div><div class=\"wpb_text_column wpb_content_element \"><div class=\"wpb_wrapper\"><p>Det \u00e4r m\u00f6jligt att dela in kakorna i kategorier beroende p\u00e5 deras funktion:<\/p><ul><li>Obligatoriska cookies g\u00f6r att v\u00e5r webbplats fungerar som avsett. Den typen av cookie kan identifiera dig som kund och g\u00f6ra din inloggnings- eller k\u00f6pprocess enklare. <\/li><li>Cookies f\u00f6r att anpassa webbplatsen och g\u00f6ra den anv\u00e4ndarv\u00e4nlig. Det g\u00f6r det till exempel m\u00f6jligt att presentera erbjudanden som du har visat intresse f\u00f6r genom att anv\u00e4nda v\u00e5r webbplats p\u00e5 det s\u00e4tt du g\u00f6r. Det hj\u00e4lper oss ocks\u00e5 att h\u00e5lla webbplatsen och v\u00e5ra tj\u00e4nster uppdaterade.  <\/li><li>Kampanjcookies \u00e4r ofta tredjepartscookies och anv\u00e4nds i samarbete med tj\u00e4nsteleverant\u00f6rer till Atlasbalans. Syftet med dessa tredjepartscookies kan vara att anpassa den marknadsf\u00f6ring och kommunikation som vi skickar till dig baserat p\u00e5 hur du interagerar med v\u00e5r webbplats och v\u00e5ra annonser. <\/li><\/ul><p>V\u00e5r webbplats niv\u00e5 av anv\u00e4ndarv\u00e4nlighet och d\u00e4rmed din anv\u00e4ndarupplevelse kan riskera att minska om du v\u00e4ljer att blockera n\u00e5gon av dessa cookies.<\/p><\/div><\/div><div class=\"wpb_text_column wpb_content_element \"><div class=\"wpb_wrapper\"><h2>Vill du undvika cookies?<\/h2><\/div><\/div><div class=\"wpb_text_column wpb_content_element \"><div class=\"wpb_wrapper\"><p>Cookies anv\u00e4nds inte f\u00f6r att skada din enhet och de flesta webbl\u00e4sare till\u00e5ter cookies som standard. Om du inte vill till\u00e5ta cookies kan du st\u00e4lla in din webbl\u00e4sare s\u00e5 att den nekar alla eller vissa cookies, eller varnar dig n\u00e4r webbplatser st\u00e4ller in eller anv\u00e4nder cookies. Mer information om hur du \u00e4ndrar dessa inst\u00e4llningar kan du f\u00e5 fr\u00e5n din webbl\u00e4sarleverant\u00f6r.  <\/p><p>Det finns tredjepartscookies som Atlasbalans inte kan kontrollera. Dessa cookies st\u00e4ngs av p\u00e5 varje cookie-leverant\u00f6rs webbplats d\u00e4r du ocks\u00e5 hittar information om hur du avaktiverar dem. <\/p><p>Om du inaktiverar eller nekar cookies, observera att vissa delar av v\u00e5ra webbplatser kan bli otillg\u00e4ngliga eller inte fungera korrekt.<\/p><\/div><\/div><div class=\"wpb_text_column wpb_content_element \"><div class=\"wpb_wrapper\"><h2>Samtycke till anv\u00e4ndning av cookies<\/h2><\/div><\/div><div class=\"wpb_text_column wpb_content_element \"><div class=\"wpb_wrapper\"><p>Du ger ditt samtycke till att Atlasbalans anv\u00e4nder cookies i enlighet med denna cookiepolicy genom att ha din webbl\u00e4sare inst\u00e4lld p\u00e5 att till\u00e5ta cookies och forts\u00e4tta anv\u00e4nda Atlasbalans webbplatser.<\/p><\/div><\/div><div class=\"wpb_text_column wpb_content_element \"><div class=\"wpb_wrapper\"><h2>Fr\u00e5gor och kontaktinformation<\/h2><\/div><\/div><div class=\"wpb_text_column wpb_content_element \"><div class=\"wpb_wrapper\"><p>Om du har n\u00e5gra fr\u00e5gor om v\u00e5r cookiepolicy, v\u00e4nligen kontakta oss p\u00e5 info@atlasbalans.com eller skicka ett brev till Atlasbalans AB, Bokv\u00e4gen 17, 19141 Sollentuna, Sverige.<\/p><\/div><\/div>\t\t\t\t\t\t\t\t<\/div>\n\t\t\t\t\t<\/div>\n\t\t\t\t<\/div>\n\t\t\t\t<\/div>\n\t\t","protected":false},"excerpt":{"rendered":"<p>Atlasbalans anv\u00e4nder cookies p\u00e5 sina webbplatser p\u00e5 det s\u00e4tt som beskrivs nedan. Genom att till\u00e5ta cookies i din webbl\u00e4sare och forts\u00e4tta att anv\u00e4nda Atlasbalans webbplatser ger du ditt samtycke till att vi anv\u00e4nder cookies enligt denna policy och den underliggande integritetspolicyn (om till\u00e4mpligt). Du kan n\u00e4r som helst st\u00e4nga av eller \u00e4ndra anv\u00e4ndningen av cookies&hellip;<\/p>\n","protected":false},"author":1,"featured_media":0,"parent":0,"menu_order":0,"comment_status":"closed","ping_status":"closed","template":"","meta":{"footnotes":""},"class_list":["post-30838","page","type-page","status-publish","hentry"],"yoast_head":"<!-- This site is optimized with the Yoast SEO plugin v26.8 - https:\/\/yoast.com\/product\/yoast-seo-wordpress\/ -->\n<title>cookies - Innovation<\/title>\n<meta name=\"description\" content=\"Atlasbalans anv\u00e4nder cookies p\u00e5 sina webbplatser p\u00e5 det s\u00e4tt som beskrivs nedan. Genom att till\u00e5ta cookies i din webbl\u00e4sare och forts\u00e4tta att anv\u00e4nda\" \/>\n<meta name=\"robots\" content=\"index, follow, max-snippet:-1, max-image-preview:large, max-video-preview:-1\" \/>\n<link rel=\"canonical\" href=\"https:\/\/fasciainnovation.com\/sv\/cookies\/\" \/>\n<meta property=\"og:locale\" content=\"sv_SE\" \/>\n<meta property=\"og:type\" content=\"article\" \/>\n<meta property=\"og:title\" content=\"cookies - Innovation\" \/>\n<meta property=\"og:description\" content=\"Atlasbalans anv\u00e4nder cookies p\u00e5 sina webbplatser p\u00e5 det s\u00e4tt som beskrivs nedan. Genom att till\u00e5ta cookies i din webbl\u00e4sare och forts\u00e4tta att anv\u00e4nda\" \/>\n<meta property=\"og:url\" content=\"https:\/\/fasciainnovation.com\/sv\/cookies\/\" \/>\n<meta property=\"og:site_name\" content=\"Innovation\" \/>\n<meta property=\"article:modified_time\" content=\"2025-12-18T09:13:21+00:00\" \/>\n<meta name=\"twitter:card\" content=\"summary_large_image\" \/>\n<meta name=\"twitter:label1\" content=\"Ber\u00e4knad l\u00e4stid\" \/>\n\t<meta name=\"twitter:data1\" content=\"6 minuter\" \/>\n<script type=\"application\/ld+json\" class=\"yoast-schema-graph\">{\"@context\":\"https:\/\/schema.org\",\"@graph\":[{\"@type\":\"WebPage\",\"@id\":\"https:\/\/fasciainnovation.com\/sv\/cookies\/\",\"url\":\"https:\/\/fasciainnovation.com\/sv\/cookies\/\",\"name\":\"cookies - Innovation\",\"isPartOf\":{\"@id\":\"https:\/\/fasciainnovation.com\/sv\/#website\"},\"datePublished\":\"2025-10-21T20:49:59+00:00\",\"dateModified\":\"2025-12-18T09:13:21+00:00\",\"description\":\"Atlasbalans anv\u00e4nder cookies p\u00e5 sina webbplatser p\u00e5 det s\u00e4tt som beskrivs nedan. Genom att till\u00e5ta cookies i din webbl\u00e4sare och forts\u00e4tta att anv\u00e4nda\",\"breadcrumb\":{\"@id\":\"https:\/\/fasciainnovation.com\/sv\/cookies\/#breadcrumb\"},\"inLanguage\":\"sv-SE\",\"potentialAction\":[{\"@type\":\"ReadAction\",\"target\":[\"https:\/\/fasciainnovation.com\/sv\/cookies\/\"]}]},{\"@type\":\"BreadcrumbList\",\"@id\":\"https:\/\/fasciainnovation.com\/sv\/cookies\/#breadcrumb\",\"itemListElement\":[{\"@type\":\"ListItem\",\"position\":1,\"name\":\"Home\",\"item\":\"https:\/\/innovation.atlasbalans.com\/sv\/\"},{\"@type\":\"ListItem\",\"position\":2,\"name\":\"cookies\"}]},{\"@type\":\"WebSite\",\"@id\":\"https:\/\/fasciainnovation.com\/sv\/#website\",\"url\":\"https:\/\/fasciainnovation.com\/sv\/\",\"name\":\"Fasciainnovation\",\"description\":\"Redefining Wellness Through Fascia Science\",\"publisher\":{\"@id\":\"https:\/\/fasciainnovation.com\/sv\/#organization\"},\"potentialAction\":[{\"@type\":\"SearchAction\",\"target\":{\"@type\":\"EntryPoint\",\"urlTemplate\":\"https:\/\/fasciainnovation.com\/sv\/?s={search_term_string}\"},\"query-input\":{\"@type\":\"PropertyValueSpecification\",\"valueRequired\":true,\"valueName\":\"search_term_string\"}}],\"inLanguage\":\"sv-SE\"},{\"@type\":\"Organization\",\"@id\":\"https:\/\/fasciainnovation.com\/sv\/#organization\",\"name\":\"Fasciainnovation\",\"url\":\"https:\/\/fasciainnovation.com\/sv\/\",\"logo\":{\"@type\":\"ImageObject\",\"inLanguage\":\"sv-SE\",\"@id\":\"https:\/\/fasciainnovation.com\/sv\/#\/schema\/logo\/image\/\",\"url\":\"https:\/\/fasciainnovation.com\/wp-content\/uploads\/2025\/10\/atlasbalans-color-logo.png\",\"contentUrl\":\"https:\/\/fasciainnovation.com\/wp-content\/uploads\/2025\/10\/atlasbalans-color-logo.png\",\"width\":568,\"height\":190,\"caption\":\"Fasciainnovation\"},\"image\":{\"@id\":\"https:\/\/fasciainnovation.com\/sv\/#\/schema\/logo\/image\/\"},\"sameAs\":[\"https:\/\/www.instagram.com\/atlasbalans\/\",\"https:\/\/www.youtube.com\/@atlasbalans\"]}]}<\/script>\n<!-- \/ Yoast SEO plugin. -->","yoast_head_json":{"title":"cookies - Innovation","description":"Atlasbalans anv\u00e4nder cookies p\u00e5 sina webbplatser p\u00e5 det s\u00e4tt som beskrivs nedan. Genom att till\u00e5ta cookies i din webbl\u00e4sare och forts\u00e4tta att anv\u00e4nda","robots":{"index":"index","follow":"follow","max-snippet":"max-snippet:-1","max-image-preview":"max-image-preview:large","max-video-preview":"max-video-preview:-1"},"canonical":"https:\/\/fasciainnovation.com\/sv\/cookies\/","og_locale":"sv_SE","og_type":"article","og_title":"cookies - Innovation","og_description":"Atlasbalans anv\u00e4nder cookies p\u00e5 sina webbplatser p\u00e5 det s\u00e4tt som beskrivs nedan. Genom att till\u00e5ta cookies i din webbl\u00e4sare och forts\u00e4tta att anv\u00e4nda","og_url":"https:\/\/fasciainnovation.com\/sv\/cookies\/","og_site_name":"Innovation","article_modified_time":"2025-12-18T09:13:21+00:00","twitter_card":"summary_large_image","twitter_misc":{"Ber\u00e4knad l\u00e4stid":"6 minuter"},"schema":{"@context":"https:\/\/schema.org","@graph":[{"@type":"WebPage","@id":"https:\/\/fasciainnovation.com\/sv\/cookies\/","url":"https:\/\/fasciainnovation.com\/sv\/cookies\/","name":"cookies - Innovation","isPartOf":{"@id":"https:\/\/fasciainnovation.com\/sv\/#website"},"datePublished":"2025-10-21T20:49:59+00:00","dateModified":"2025-12-18T09:13:21+00:00","description":"Atlasbalans anv\u00e4nder cookies p\u00e5 sina webbplatser p\u00e5 det s\u00e4tt som beskrivs nedan. Genom att till\u00e5ta cookies i din webbl\u00e4sare och forts\u00e4tta att anv\u00e4nda","breadcrumb":{"@id":"https:\/\/fasciainnovation.com\/sv\/cookies\/#breadcrumb"},"inLanguage":"sv-SE","potentialAction":[{"@type":"ReadAction","target":["https:\/\/fasciainnovation.com\/sv\/cookies\/"]}]},{"@type":"BreadcrumbList","@id":"https:\/\/fasciainnovation.com\/sv\/cookies\/#breadcrumb","itemListElement":[{"@type":"ListItem","position":1,"name":"Home","item":"https:\/\/innovation.atlasbalans.com\/sv\/"},{"@type":"ListItem","position":2,"name":"cookies"}]},{"@type":"WebSite","@id":"https:\/\/fasciainnovation.com\/sv\/#website","url":"https:\/\/fasciainnovation.com\/sv\/","name":"Fasciainnovation","description":"Redefining Wellness Through Fascia Science","publisher":{"@id":"https:\/\/fasciainnovation.com\/sv\/#organization"},"potentialAction":[{"@type":"SearchAction","target":{"@type":"EntryPoint","urlTemplate":"https:\/\/fasciainnovation.com\/sv\/?s={search_term_string}"},"query-input":{"@type":"PropertyValueSpecification","valueRequired":true,"valueName":"search_term_string"}}],"inLanguage":"sv-SE"},{"@type":"Organization","@id":"https:\/\/fasciainnovation.com\/sv\/#organization","name":"Fasciainnovation","url":"https:\/\/fasciainnovation.com\/sv\/","logo":{"@type":"ImageObject","inLanguage":"sv-SE","@id":"https:\/\/fasciainnovation.com\/sv\/#\/schema\/logo\/image\/","url":"https:\/\/fasciainnovation.com\/wp-content\/uploads\/2025\/10\/atlasbalans-color-logo.png","contentUrl":"https:\/\/fasciainnovation.com\/wp-content\/uploads\/2025\/10\/atlasbalans-color-logo.png","width":568,"height":190,"caption":"Fasciainnovation"},"image":{"@id":"https:\/\/fasciainnovation.com\/sv\/#\/schema\/logo\/image\/"},"sameAs":["https:\/\/www.instagram.com\/atlasbalans\/","https:\/\/www.youtube.com\/@atlasbalans"]}]}},"_links":{"self":[{"href":"https:\/\/fasciainnovation.com\/sv\/wp-json\/wp\/v2\/pages\/30838","targetHints":{"allow":["GET"]}}],"collection":[{"href":"https:\/\/fasciainnovation.com\/sv\/wp-json\/wp\/v2\/pages"}],"about":[{"href":"https:\/\/fasciainnovation.com\/sv\/wp-json\/wp\/v2\/types\/page"}],"author":[{"embeddable":true,"href":"https:\/\/fasciainnovation.com\/sv\/wp-json\/wp\/v2\/users\/1"}],"replies":[{"embeddable":true,"href":"https:\/\/fasciainnovation.com\/sv\/wp-json\/wp\/v2\/comments?post=30838"}],"version-history":[{"count":2,"href":"https:\/\/fasciainnovation.com\/sv\/wp-json\/wp\/v2\/pages\/30838\/revisions"}],"predecessor-version":[{"id":30917,"href":"https:\/\/fasciainnovation.com\/sv\/wp-json\/wp\/v2\/pages\/30838\/revisions\/30917"}],"wp:attachment":[{"href":"https:\/\/fasciainnovation.com\/sv\/wp-json\/wp\/v2\/media?parent=30838"}],"curies":[{"name":"wp","href":"https:\/\/api.w.org\/{rel}","templated":true}]}}