{"id":30842,"date":"2025-12-14T20:34:24","date_gmt":"2025-12-14T19:34:24","guid":{"rendered":"https:\/\/innovation.atlasbalans.com\/affarsomraden\/"},"modified":"2025-12-18T10:23:26","modified_gmt":"2025-12-18T09:23:26","slug":"affarsomraden","status":"publish","type":"page","link":"https:\/\/fasciainnovation.com\/sv\/affarsomraden\/","title":{"rendered":"Aff\u00e4rsomr\u00e5den"},"content":{"rendered":"\t\t<div data-elementor-type=\"wp-page\" data-elementor-id=\"30842\" class=\"elementor elementor-30842 elementor-30664\" data-elementor-post-type=\"page\">\n\t\t\t\t<div class=\"elementor-element elementor-element-c2b5624 e-flex e-con-boxed e-con e-parent\" data-id=\"c2b5624\" data-element_type=\"container\" data-e-type=\"container\" data-settings=\"{&quot;background_background&quot;:&quot;classic&quot;}\">\n\t\t\t\t\t<div class=\"e-con-inner\">\n\t\t<div class=\"elementor-element elementor-element-865ad4e e-con-full e-flex e-con e-child\" data-id=\"865ad4e\" data-element_type=\"container\" data-e-type=\"container\">\n\t\t\t\t<div class=\"elementor-element elementor-element-d5d11d2 elementor-widget elementor-widget-heading\" data-id=\"d5d11d2\" data-element_type=\"widget\" data-e-type=\"widget\" data-widget_type=\"heading.default\">\n\t\t\t\t\t<h2 class=\"elementor-heading-title elementor-size-default\">FasciaKliniker\n<\/h2>\t\t\t\t<\/div>\n\t\t\t\t<div class=\"elementor-element elementor-element-bfb9e9d elementor-widget elementor-widget-text-editor\" data-id=\"bfb9e9d\" data-element_type=\"widget\" data-e-type=\"widget\" data-widget_type=\"text-editor.default\">\n\t\t\t\t\t\t\t\t\t<p><span style=\"font-weight: 400;\">Skalbara fascia-fokuserade kliniker som ger fysisk lindring och b\u00e4ttre r\u00f6relsef\u00f6rm\u00e5ga.<\/span><\/p><ul><li style=\"font-weight: 400;\" aria-level=\"1\"><span style=\"font-weight: 400;\">20 aktiva kliniker i Sverige<\/span><\/li><li style=\"font-weight: 400;\" aria-level=\"1\"><span style=\"font-weight: 400;\">\u00d6ver 100.000 behandlingar utf\u00f6rda<\/span><\/li><li style=\"font-weight: 400;\" aria-level=\"1\"><span style=\"font-weight: 400;\">Franchise-klar f\u00f6r global expansion<\/span><\/li><li style=\"font-weight: 400;\" aria-level=\"1\">Strukturerad metodik, utbildning och system<\/li><\/ul>\t\t\t\t\t\t\t\t<\/div>\n\t\t\t\t<div class=\"elementor-element elementor-element-0f097ab elementor-widget elementor-widget-the7_button_widget\" data-id=\"0f097ab\" data-element_type=\"widget\" data-e-type=\"widget\" data-widget_type=\"the7_button_widget.default\">\n\t\t\t\t<div class=\"elementor-widget-container\">\n\t\t\t\t\t<div class=\"elementor-button-wrapper\"><a href=\"https:\/\/machine.atlasbalans.com\/\" target=\"_blank\" rel=\"nofollow\" class=\"box-button elementor-button elementor-size-lg\">L\u00e4s mer om<\/a><\/div>\t\t\t\t<\/div>\n\t\t\t\t<\/div>\n\t\t\t\t<\/div>\n\t\t<div class=\"elementor-element elementor-element-2c16048 e-con-full e-flex e-con e-child\" data-id=\"2c16048\" data-element_type=\"container\" data-e-type=\"container\" data-settings=\"{&quot;background_background&quot;:&quot;classic&quot;}\">\n\t\t\t\t<div class=\"elementor-element elementor-element-739d606 elementor-widget elementor-widget-video\" data-id=\"739d606\" data-element_type=\"widget\" data-e-type=\"widget\" data-settings=\"{&quot;youtube_url&quot;:&quot;https:\\\/\\\/www.youtube.com\\\/watch?v=r9AYsWptEO8&quot;,&quot;video_type&quot;:&quot;youtube&quot;,&quot;controls&quot;:&quot;yes&quot;}\" data-widget_type=\"video.default\">\n\t\t\t\t\t\t\t<div class=\"elementor-wrapper elementor-open-inline\">\n\t\t\t<div class=\"elementor-video\"><\/div>\t\t<\/div>\n\t\t\t\t\t\t<\/div>\n\t\t\t\t<\/div>\n\t\t\t\t\t<\/div>\n\t\t\t\t<\/div>\n\t\t<div class=\"elementor-element elementor-element-0150e51 e-flex e-con-boxed e-con e-parent\" data-id=\"0150e51\" data-element_type=\"container\" data-e-type=\"container\" data-settings=\"{&quot;background_background&quot;:&quot;classic&quot;}\">\n\t\t\t\t\t<div class=\"e-con-inner\">\n\t\t<div class=\"elementor-element elementor-element-50ad0fc e-con-full e-flex e-con e-child\" data-id=\"50ad0fc\" data-element_type=\"container\" data-e-type=\"container\">\n\t\t\t\t<div class=\"elementor-element elementor-element-1e65aed elementor-widget elementor-widget-video\" data-id=\"1e65aed\" data-element_type=\"widget\" data-e-type=\"widget\" data-settings=\"{&quot;youtube_url&quot;:&quot;https:\\\/\\\/www.youtube.com\\\/watch?v=doyGX1e5hTw&quot;,&quot;video_type&quot;:&quot;youtube&quot;,&quot;controls&quot;:&quot;yes&quot;}\" data-widget_type=\"video.default\">\n\t\t\t\t\t\t\t<div class=\"elementor-wrapper elementor-open-inline\">\n\t\t\t<div class=\"elementor-video\"><\/div>\t\t<\/div>\n\t\t\t\t\t\t<\/div>\n\t\t\t\t<\/div>\n\t\t<div class=\"elementor-element elementor-element-44fa79e e-con-full e-flex e-con e-child\" data-id=\"44fa79e\" data-element_type=\"container\" data-e-type=\"container\" data-settings=\"{&quot;background_background&quot;:&quot;classic&quot;}\">\n\t\t\t\t<div class=\"elementor-element elementor-element-6b76121 elementor-widget elementor-widget-heading\" data-id=\"6b76121\" data-element_type=\"widget\" data-e-type=\"widget\" data-widget_type=\"heading.default\">\n\t\t\t\t\t<h2 class=\"elementor-heading-title elementor-size-default\">Atlasbalans (enheter)<\/h2>\t\t\t\t<\/div>\n\t\t\t\t<div class=\"elementor-element elementor-element-ec76f2e elementor-widget elementor-widget-text-editor\" data-id=\"ec76f2e\" data-element_type=\"widget\" data-e-type=\"widget\" data-widget_type=\"text-editor.default\">\n\t\t\t\t\t\t\t\t\t<p><span style=\"font-weight: 400;\">Patenterad teknik som levererar kontrollerade mekaniska vibrationer in i fascian.<\/span><\/p><ul><li style=\"font-weight: 400;\" aria-level=\"1\"><span style=\"font-weight: 400;\">1.200+ maskiner s\u00e5lda \u00f6ver hela v\u00e4rlden<\/span><span style=\"font-weight: 400;\"><br><\/span><\/li><li style=\"font-weight: 400;\" aria-level=\"1\"><span style=\"font-weight: 400;\">Anv\u00e4nds b\u00e5de f\u00f6r m\u00e4nniskor och h\u00e4star<\/span><\/li><li style=\"font-weight: 400;\" aria-level=\"1\"><span style=\"font-weight: 400;\">Utformad f\u00f6r terapeuter, idrottsut\u00f6vare och kliniska milj\u00f6er<\/span><\/li><\/ul><p> <\/p>\t\t\t\t\t\t\t\t<\/div>\n\t\t\t\t<div class=\"elementor-element elementor-element-3ef684a elementor-widget elementor-widget-the7_button_widget\" data-id=\"3ef684a\" data-element_type=\"widget\" data-e-type=\"widget\" data-widget_type=\"the7_button_widget.default\">\n\t\t\t\t<div class=\"elementor-widget-container\">\n\t\t\t\t\t<div class=\"elementor-button-wrapper\"><a href=\"https:\/\/machine.atlasbalans.com\/\" target=\"_blank\" rel=\"nofollow\" class=\"box-button elementor-button elementor-size-lg\">L\u00e4s mer om<\/a><\/div>\t\t\t\t<\/div>\n\t\t\t\t<\/div>\n\t\t\t\t<\/div>\n\t\t\t\t\t<\/div>\n\t\t\t\t<\/div>\n\t\t<div class=\"elementor-element elementor-element-5050354 e-flex e-con-boxed e-con e-parent\" data-id=\"5050354\" data-element_type=\"container\" data-e-type=\"container\" id=\"how-it-works\" data-settings=\"{&quot;background_background&quot;:&quot;classic&quot;}\">\n\t\t\t\t\t<div class=\"e-con-inner\">\n\t\t<div class=\"elementor-element elementor-element-0c998d4 e-con-full e-flex e-con e-child\" data-id=\"0c998d4\" data-element_type=\"container\" data-e-type=\"container\">\n\t\t\t\t<div class=\"elementor-element elementor-element-836979d elementor-widget elementor-widget-heading\" data-id=\"836979d\" data-element_type=\"widget\" data-e-type=\"widget\" data-widget_type=\"heading.default\">\n\t\t\t\t\t<h2 class=\"elementor-heading-title elementor-size-default\">FasciaH\u00e4st<\/h2>\t\t\t\t<\/div>\n\t\t\t\t<div class=\"elementor-element elementor-element-4bbfdf9 elementor-widget elementor-widget-text-editor\" data-id=\"4bbfdf9\" data-element_type=\"widget\" data-e-type=\"widget\" data-widget_type=\"text-editor.default\">\n\t\t\t\t\t\t\t\t\t<p><span style=\"font-weight: 400;\">Plattform f\u00f6r h\u00e4sth\u00e4lsa som kombinerar behandling, tr\u00e4ning och forskning.<\/span><\/p><ul><li style=\"font-weight: 400;\" aria-level=\"1\"><span style=\"font-weight: 400;\">Peer-reviewed studie visar 58% minskning av sp\u00e4nningar hos h\u00e4star<\/span><\/li><li style=\"font-weight: 400;\" aria-level=\"1\"><span style=\"font-weight: 400;\">100+ h\u00e4stterapeuter utbildade<\/span><\/li><\/ul><p> <\/p>\t\t\t\t\t\t\t\t<\/div>\n\t\t\t\t<div class=\"elementor-element elementor-element-3f38c2f elementor-widget elementor-widget-the7_button_widget\" data-id=\"3f38c2f\" data-element_type=\"widget\" data-e-type=\"widget\" data-widget_type=\"the7_button_widget.default\">\n\t\t\t\t<div class=\"elementor-widget-container\">\n\t\t\t\t\t<div class=\"elementor-button-wrapper\"><a href=\"https:\/\/machine.atlasbalans.com\/\" target=\"_blank\" rel=\"nofollow\" class=\"box-button elementor-button elementor-size-lg\">L\u00e4s mer om<\/a><\/div>\t\t\t\t<\/div>\n\t\t\t\t<\/div>\n\t\t\t\t<\/div>\n\t\t<div class=\"elementor-element elementor-element-9f96e3a e-con-full e-flex e-con e-child\" data-id=\"9f96e3a\" data-element_type=\"container\" data-e-type=\"container\" data-settings=\"{&quot;background_background&quot;:&quot;classic&quot;}\">\n\t\t\t\t<div class=\"elementor-element elementor-element-97e40dd elementor-widget elementor-widget-video\" data-id=\"97e40dd\" data-element_type=\"widget\" data-e-type=\"widget\" data-settings=\"{&quot;video_type&quot;:&quot;vimeo&quot;}\" data-widget_type=\"video.default\">\n\t\t\t\t\t\t\t<div class=\"elementor-wrapper elementor-open-inline\">\n\t\t\t<iframe class=\"elementor-video-iframe\" allowfullscreen allow=\"clipboard-write\" title=\"vimeo-videospelare\" src=\"https:\/\/player.vimeo.com\/video\/840354438?color&amp;autopause=0&amp;loop=0&amp;muted=0&amp;title=0&amp;portrait=0&amp;byline=1&amp;h=be2812d318#t=\"><\/iframe>\t\t<\/div>\n\t\t\t\t\t\t<\/div>\n\t\t\t\t<\/div>\n\t\t\t\t\t<\/div>\n\t\t\t\t<\/div>\n\t\t<div class=\"elementor-element elementor-element-ca6038f e-flex e-con-boxed e-con e-parent\" data-id=\"ca6038f\" data-element_type=\"container\" data-e-type=\"container\" data-settings=\"{&quot;background_background&quot;:&quot;classic&quot;}\">\n\t\t\t\t\t<div class=\"e-con-inner\">\n\t\t<div class=\"elementor-element elementor-element-6b9cfa1 e-con-full e-flex e-con e-child\" data-id=\"6b9cfa1\" data-element_type=\"container\" data-e-type=\"container\">\n\t\t\t\t<div class=\"elementor-element elementor-element-1363a6a elementor-widget elementor-widget-video\" data-id=\"1363a6a\" data-element_type=\"widget\" data-e-type=\"widget\" data-settings=\"{&quot;video_type&quot;:&quot;vimeo&quot;}\" data-widget_type=\"video.default\">\n\t\t\t\t\t\t\t<div class=\"elementor-wrapper elementor-open-inline\">\n\t\t\t<iframe class=\"elementor-video-iframe\" allowfullscreen allow=\"clipboard-write\" title=\"vimeo-videospelare\" src=\"https:\/\/player.vimeo.com\/video\/1146623309?color&amp;autopause=0&amp;loop=0&amp;muted=0&amp;title=1&amp;portrait=1&amp;byline=1#t=\"><\/iframe>\t\t<\/div>\n\t\t\t\t\t\t<\/div>\n\t\t\t\t<\/div>\n\t\t<div class=\"elementor-element elementor-element-c359c30 e-con-full e-flex e-con e-child\" data-id=\"c359c30\" data-element_type=\"container\" data-e-type=\"container\" data-settings=\"{&quot;background_background&quot;:&quot;classic&quot;}\">\n\t\t\t\t<div class=\"elementor-element elementor-element-7df431b elementor-widget elementor-widget-heading\" data-id=\"7df431b\" data-element_type=\"widget\" data-e-type=\"widget\" data-widget_type=\"heading.default\">\n\t\t\t\t\t<h2 class=\"elementor-heading-title elementor-size-default\">Ridesum<\/h2>\t\t\t\t<\/div>\n\t\t\t\t<div class=\"elementor-element elementor-element-21aa4f2 elementor-widget elementor-widget-text-editor\" data-id=\"21aa4f2\" data-element_type=\"widget\" data-e-type=\"widget\" data-widget_type=\"text-editor.default\">\n\t\t\t\t\t\t\t\t\t<p><span style=\"font-weight: 400;\">Digital app som kopplar samman ryttare, tr\u00e4nare, veterin\u00e4rer och andra yrkesverksamma inom h\u00e4stn\u00e4ringen.<\/span><\/p><ul><li style=\"font-weight: 400;\" aria-level=\"1\"><span style=\"font-weight: 400;\">60.000+ anv\u00e4ndare i 140 l\u00e4nder<\/span><\/li><li style=\"font-weight: 400;\" aria-level=\"1\"><span style=\"font-weight: 400;\">Integrering av data, utbildning, gemenskap och resultatuppf\u00f6ljning<\/span><\/li><\/ul>\t\t\t\t\t\t\t\t<\/div>\n\t\t\t\t<div class=\"elementor-element elementor-element-c6455e8 elementor-widget elementor-widget-the7_button_widget\" data-id=\"c6455e8\" data-element_type=\"widget\" data-e-type=\"widget\" data-widget_type=\"the7_button_widget.default\">\n\t\t\t\t<div class=\"elementor-widget-container\">\n\t\t\t\t\t<div class=\"elementor-button-wrapper\"><a href=\"https:\/\/machine.atlasbalans.com\/\" target=\"_blank\" rel=\"nofollow\" class=\"box-button elementor-button elementor-size-lg\">L\u00e4s mer om<\/a><\/div>\t\t\t\t<\/div>\n\t\t\t\t<\/div>\n\t\t\t\t<\/div>\n\t\t\t\t\t<\/div>\n\t\t\t\t<\/div>\n\t\t<div class=\"elementor-element elementor-element-d0acbaf e-flex e-con-boxed e-con e-parent\" data-id=\"d0acbaf\" data-element_type=\"container\" data-e-type=\"container\" data-settings=\"{&quot;background_background&quot;:&quot;classic&quot;}\">\n\t\t\t\t\t<div class=\"e-con-inner\">\n\t\t<div class=\"elementor-element elementor-element-c1ec725 e-con-full e-flex e-con e-child\" data-id=\"c1ec725\" data-element_type=\"container\" data-e-type=\"container\">\n\t\t\t\t<div class=\"elementor-element elementor-element-49a35cb elementor-widget elementor-widget-heading\" data-id=\"49a35cb\" data-element_type=\"widget\" data-e-type=\"widget\" data-widget_type=\"heading.default\">\n\t\t\t\t\t<h2 class=\"elementor-heading-title elementor-size-default\">FasciaGuide (kunskap)<\/h2>\t\t\t\t<\/div>\n\t\t\t\t<div class=\"elementor-element elementor-element-29968f4 elementor-widget elementor-widget-text-editor\" data-id=\"29968f4\" data-element_type=\"widget\" data-e-type=\"widget\" data-widget_type=\"text-editor.default\">\n\t\t\t\t\t\t\t\t\t<p><span style=\"font-weight: 400;\">Open-access resurs f\u00f6r forskning, utbildning och kommunikation om fascia.<\/span><\/p><ul><li style=\"font-weight: 400;\" aria-level=\"1\"><span style=\"font-weight: 400;\">5.000+ vetenskapliga artiklar sammanst\u00e4llda<\/span><\/li><li style=\"font-weight: 400;\" aria-level=\"1\"><span style=\"font-weight: 400;\">Animerade explainers, podcast och film<\/span><\/li><\/ul><p> <\/p>\t\t\t\t\t\t\t\t<\/div>\n\t\t\t\t<div class=\"elementor-element elementor-element-bb5f60b elementor-widget elementor-widget-the7_button_widget\" data-id=\"bb5f60b\" data-element_type=\"widget\" data-e-type=\"widget\" data-widget_type=\"the7_button_widget.default\">\n\t\t\t\t<div class=\"elementor-widget-container\">\n\t\t\t\t\t<div class=\"elementor-button-wrapper\"><a href=\"https:\/\/machine.atlasbalans.com\/\" target=\"_blank\" rel=\"nofollow\" class=\"box-button elementor-button elementor-size-lg\">L\u00e4s mer om<\/a><\/div>\t\t\t\t<\/div>\n\t\t\t\t<\/div>\n\t\t\t\t<\/div>\n\t\t<div class=\"elementor-element elementor-element-b39ab3a e-con-full e-flex e-con e-child\" data-id=\"b39ab3a\" data-element_type=\"container\" data-e-type=\"container\" data-settings=\"{&quot;background_background&quot;:&quot;classic&quot;}\">\n\t\t\t\t<div class=\"elementor-element elementor-element-6b3f72a elementor-widget elementor-widget-video\" data-id=\"6b3f72a\" data-element_type=\"widget\" data-e-type=\"widget\" data-settings=\"{&quot;youtube_url&quot;:&quot;https:\\\/\\\/www.youtube.com\\\/watch?v=Dg5MBscgCro&quot;,&quot;video_type&quot;:&quot;youtube&quot;,&quot;controls&quot;:&quot;yes&quot;}\" data-widget_type=\"video.default\">\n\t\t\t\t\t\t\t<div class=\"elementor-wrapper elementor-open-inline\">\n\t\t\t<div class=\"elementor-video\"><\/div>\t\t<\/div>\n\t\t\t\t\t\t<\/div>\n\t\t\t\t<\/div>\n\t\t\t\t\t<\/div>\n\t\t\t\t<\/div>\n\t\t\t\t<\/div>\n\t\t","protected":false},"excerpt":{"rendered":"<p>FasciaKliniker Skalbara fascia-fokuserade kliniker som ger fysisk lindring och b\u00e4ttre r\u00f6relsef\u00f6rm\u00e5ga. 20 aktiva kliniker i Sverige \u00d6ver 100.000 behandlingar utf\u00f6rda Franchise-klar f\u00f6r global expansion Strukturerad metodik, utbildning och system L\u00e4s mer om https:\/\/www.youtube.com\/watch?v=r9AYsWptEO8https:\/\/www.youtube.com\/watch?v=doyGX1e5hTw Atlasbalans (enheter) Patenterad teknik som levererar kontrollerade mekaniska vibrationer in i fascian. 1.200+ maskiner s\u00e5lda \u00f6ver hela v\u00e4rlden Anv\u00e4nds b\u00e5de f\u00f6r m\u00e4nniskor&hellip;<\/p>\n","protected":false},"author":2,"featured_media":24690,"parent":0,"menu_order":0,"comment_status":"closed","ping_status":"closed","template":"elementor_header_footer","meta":{"footnotes":""},"class_list":["post-30842","page","type-page","status-publish","has-post-thumbnail","hentry"],"yoast_head":"<!-- This site is optimized with the Yoast SEO plugin v26.8 - https:\/\/yoast.com\/product\/yoast-seo-wordpress\/ -->\n<title>Fascia Innovation \u2013 V\u00e5ra aff\u00e4rsomr\u00e5den inom fascia och h\u00e4lsa - Innovation<\/title>\n<meta name=\"description\" content=\"Fascia Innovation samlar flera kompletterande aff\u00e4rsomr\u00e5den som tillsammans bygger ett skalbart ekosystem f\u00f6r fasciabaserad h\u00e4lsa.\" \/>\n<meta name=\"robots\" content=\"index, follow, max-snippet:-1, max-image-preview:large, max-video-preview:-1\" \/>\n<link rel=\"canonical\" href=\"https:\/\/fasciainnovation.com\/sv\/affarsomraden\/\" \/>\n<meta property=\"og:locale\" content=\"sv_SE\" \/>\n<meta property=\"og:type\" content=\"article\" \/>\n<meta property=\"og:title\" content=\"Fascia Innovation \u2013 V\u00e5ra aff\u00e4rsomr\u00e5den inom fascia och h\u00e4lsa - Innovation\" \/>\n<meta property=\"og:description\" content=\"Fascia Innovation samlar flera kompletterande aff\u00e4rsomr\u00e5den som tillsammans bygger ett skalbart ekosystem f\u00f6r fasciabaserad h\u00e4lsa.\" \/>\n<meta property=\"og:url\" content=\"https:\/\/fasciainnovation.com\/sv\/affarsomraden\/\" \/>\n<meta property=\"og:site_name\" content=\"Innovation\" \/>\n<meta property=\"article:modified_time\" content=\"2025-12-18T09:23:26+00:00\" \/>\n<meta property=\"og:image\" content=\"https:\/\/innovation.atlasbalans.com\/wp-content\/uploads\/2025\/05\/fasciaclinics-threatment.jpg\" \/>\n\t<meta property=\"og:image:width\" content=\"2048\" \/>\n\t<meta property=\"og:image:height\" content=\"2048\" \/>\n\t<meta property=\"og:image:type\" content=\"image\/jpeg\" \/>\n<meta name=\"twitter:card\" content=\"summary_large_image\" \/>\n<meta name=\"twitter:label1\" content=\"Ber\u00e4knad l\u00e4stid\" \/>\n\t<meta name=\"twitter:data1\" content=\"1 minut\" \/>\n<script type=\"application\/ld+json\" class=\"yoast-schema-graph\">{\"@context\":\"https:\/\/schema.org\",\"@graph\":[{\"@type\":\"WebPage\",\"@id\":\"https:\/\/fasciainnovation.com\/sv\/affarsomraden\/\",\"url\":\"https:\/\/fasciainnovation.com\/sv\/affarsomraden\/\",\"name\":\"Fascia Innovation \u2013 V\u00e5ra aff\u00e4rsomr\u00e5den inom fascia och h\u00e4lsa - Innovation\",\"isPartOf\":{\"@id\":\"https:\/\/fasciainnovation.com\/sv\/#website\"},\"primaryImageOfPage\":{\"@id\":\"https:\/\/fasciainnovation.com\/sv\/affarsomraden\/#primaryimage\"},\"image\":{\"@id\":\"https:\/\/fasciainnovation.com\/sv\/affarsomraden\/#primaryimage\"},\"thumbnailUrl\":\"https:\/\/fasciainnovation.com\/wp-content\/uploads\/2025\/05\/fasciaclinics-threatment.jpg\",\"datePublished\":\"2025-12-14T19:34:24+00:00\",\"dateModified\":\"2025-12-18T09:23:26+00:00\",\"description\":\"Fascia Innovation samlar flera kompletterande aff\u00e4rsomr\u00e5den som tillsammans bygger ett skalbart ekosystem f\u00f6r fasciabaserad h\u00e4lsa.\",\"breadcrumb\":{\"@id\":\"https:\/\/fasciainnovation.com\/sv\/affarsomraden\/#breadcrumb\"},\"inLanguage\":\"sv-SE\",\"potentialAction\":[{\"@type\":\"ReadAction\",\"target\":[\"https:\/\/fasciainnovation.com\/sv\/affarsomraden\/\"]}]},{\"@type\":\"ImageObject\",\"inLanguage\":\"sv-SE\",\"@id\":\"https:\/\/fasciainnovation.com\/sv\/affarsomraden\/#primaryimage\",\"url\":\"https:\/\/fasciainnovation.com\/wp-content\/uploads\/2025\/05\/fasciaclinics-threatment.jpg\",\"contentUrl\":\"https:\/\/fasciainnovation.com\/wp-content\/uploads\/2025\/05\/fasciaclinics-threatment.jpg\",\"width\":2048,\"height\":2048},{\"@type\":\"BreadcrumbList\",\"@id\":\"https:\/\/fasciainnovation.com\/sv\/affarsomraden\/#breadcrumb\",\"itemListElement\":[{\"@type\":\"ListItem\",\"position\":1,\"name\":\"Home\",\"item\":\"https:\/\/innovation.atlasbalans.com\/sv\/\"},{\"@type\":\"ListItem\",\"position\":2,\"name\":\"Aff\u00e4rsomr\u00e5den\"}]},{\"@type\":\"WebSite\",\"@id\":\"https:\/\/fasciainnovation.com\/sv\/#website\",\"url\":\"https:\/\/fasciainnovation.com\/sv\/\",\"name\":\"Fasciainnovation\",\"description\":\"Redefining Wellness Through Fascia Science\",\"publisher\":{\"@id\":\"https:\/\/fasciainnovation.com\/sv\/#organization\"},\"potentialAction\":[{\"@type\":\"SearchAction\",\"target\":{\"@type\":\"EntryPoint\",\"urlTemplate\":\"https:\/\/fasciainnovation.com\/sv\/?s={search_term_string}\"},\"query-input\":{\"@type\":\"PropertyValueSpecification\",\"valueRequired\":true,\"valueName\":\"search_term_string\"}}],\"inLanguage\":\"sv-SE\"},{\"@type\":\"Organization\",\"@id\":\"https:\/\/fasciainnovation.com\/sv\/#organization\",\"name\":\"Fasciainnovation\",\"url\":\"https:\/\/fasciainnovation.com\/sv\/\",\"logo\":{\"@type\":\"ImageObject\",\"inLanguage\":\"sv-SE\",\"@id\":\"https:\/\/fasciainnovation.com\/sv\/#\/schema\/logo\/image\/\",\"url\":\"https:\/\/fasciainnovation.com\/wp-content\/uploads\/2025\/10\/atlasbalans-color-logo.png\",\"contentUrl\":\"https:\/\/fasciainnovation.com\/wp-content\/uploads\/2025\/10\/atlasbalans-color-logo.png\",\"width\":568,\"height\":190,\"caption\":\"Fasciainnovation\"},\"image\":{\"@id\":\"https:\/\/fasciainnovation.com\/sv\/#\/schema\/logo\/image\/\"},\"sameAs\":[\"https:\/\/www.instagram.com\/atlasbalans\/\",\"https:\/\/www.youtube.com\/@atlasbalans\"]}]}<\/script>\n<!-- \/ Yoast SEO plugin. -->","yoast_head_json":{"title":"Fascia Innovation \u2013 V\u00e5ra aff\u00e4rsomr\u00e5den inom fascia och h\u00e4lsa - Innovation","description":"Fascia Innovation samlar flera kompletterande aff\u00e4rsomr\u00e5den som tillsammans bygger ett skalbart ekosystem f\u00f6r fasciabaserad h\u00e4lsa.","robots":{"index":"index","follow":"follow","max-snippet":"max-snippet:-1","max-image-preview":"max-image-preview:large","max-video-preview":"max-video-preview:-1"},"canonical":"https:\/\/fasciainnovation.com\/sv\/affarsomraden\/","og_locale":"sv_SE","og_type":"article","og_title":"Fascia Innovation \u2013 V\u00e5ra aff\u00e4rsomr\u00e5den inom fascia och h\u00e4lsa - Innovation","og_description":"Fascia Innovation samlar flera kompletterande aff\u00e4rsomr\u00e5den som tillsammans bygger ett skalbart ekosystem f\u00f6r fasciabaserad h\u00e4lsa.","og_url":"https:\/\/fasciainnovation.com\/sv\/affarsomraden\/","og_site_name":"Innovation","article_modified_time":"2025-12-18T09:23:26+00:00","og_image":[{"width":2048,"height":2048,"url":"https:\/\/innovation.atlasbalans.com\/wp-content\/uploads\/2025\/05\/fasciaclinics-threatment.jpg","type":"image\/jpeg"}],"twitter_card":"summary_large_image","twitter_misc":{"Ber\u00e4knad l\u00e4stid":"1 minut"},"schema":{"@context":"https:\/\/schema.org","@graph":[{"@type":"WebPage","@id":"https:\/\/fasciainnovation.com\/sv\/affarsomraden\/","url":"https:\/\/fasciainnovation.com\/sv\/affarsomraden\/","name":"Fascia Innovation \u2013 V\u00e5ra aff\u00e4rsomr\u00e5den inom fascia och h\u00e4lsa - Innovation","isPartOf":{"@id":"https:\/\/fasciainnovation.com\/sv\/#website"},"primaryImageOfPage":{"@id":"https:\/\/fasciainnovation.com\/sv\/affarsomraden\/#primaryimage"},"image":{"@id":"https:\/\/fasciainnovation.com\/sv\/affarsomraden\/#primaryimage"},"thumbnailUrl":"https:\/\/fasciainnovation.com\/wp-content\/uploads\/2025\/05\/fasciaclinics-threatment.jpg","datePublished":"2025-12-14T19:34:24+00:00","dateModified":"2025-12-18T09:23:26+00:00","description":"Fascia Innovation samlar flera kompletterande aff\u00e4rsomr\u00e5den som tillsammans bygger ett skalbart ekosystem f\u00f6r fasciabaserad h\u00e4lsa.","breadcrumb":{"@id":"https:\/\/fasciainnovation.com\/sv\/affarsomraden\/#breadcrumb"},"inLanguage":"sv-SE","potentialAction":[{"@type":"ReadAction","target":["https:\/\/fasciainnovation.com\/sv\/affarsomraden\/"]}]},{"@type":"ImageObject","inLanguage":"sv-SE","@id":"https:\/\/fasciainnovation.com\/sv\/affarsomraden\/#primaryimage","url":"https:\/\/fasciainnovation.com\/wp-content\/uploads\/2025\/05\/fasciaclinics-threatment.jpg","contentUrl":"https:\/\/fasciainnovation.com\/wp-content\/uploads\/2025\/05\/fasciaclinics-threatment.jpg","width":2048,"height":2048},{"@type":"BreadcrumbList","@id":"https:\/\/fasciainnovation.com\/sv\/affarsomraden\/#breadcrumb","itemListElement":[{"@type":"ListItem","position":1,"name":"Home","item":"https:\/\/innovation.atlasbalans.com\/sv\/"},{"@type":"ListItem","position":2,"name":"Aff\u00e4rsomr\u00e5den"}]},{"@type":"WebSite","@id":"https:\/\/fasciainnovation.com\/sv\/#website","url":"https:\/\/fasciainnovation.com\/sv\/","name":"Fasciainnovation","description":"Redefining Wellness Through Fascia Science","publisher":{"@id":"https:\/\/fasciainnovation.com\/sv\/#organization"},"potentialAction":[{"@type":"SearchAction","target":{"@type":"EntryPoint","urlTemplate":"https:\/\/fasciainnovation.com\/sv\/?s={search_term_string}"},"query-input":{"@type":"PropertyValueSpecification","valueRequired":true,"valueName":"search_term_string"}}],"inLanguage":"sv-SE"},{"@type":"Organization","@id":"https:\/\/fasciainnovation.com\/sv\/#organization","name":"Fasciainnovation","url":"https:\/\/fasciainnovation.com\/sv\/","logo":{"@type":"ImageObject","inLanguage":"sv-SE","@id":"https:\/\/fasciainnovation.com\/sv\/#\/schema\/logo\/image\/","url":"https:\/\/fasciainnovation.com\/wp-content\/uploads\/2025\/10\/atlasbalans-color-logo.png","contentUrl":"https:\/\/fasciainnovation.com\/wp-content\/uploads\/2025\/10\/atlasbalans-color-logo.png","width":568,"height":190,"caption":"Fasciainnovation"},"image":{"@id":"https:\/\/fasciainnovation.com\/sv\/#\/schema\/logo\/image\/"},"sameAs":["https:\/\/www.instagram.com\/atlasbalans\/","https:\/\/www.youtube.com\/@atlasbalans"]}]}},"_links":{"self":[{"href":"https:\/\/fasciainnovation.com\/sv\/wp-json\/wp\/v2\/pages\/30842","targetHints":{"allow":["GET"]}}],"collection":[{"href":"https:\/\/fasciainnovation.com\/sv\/wp-json\/wp\/v2\/pages"}],"about":[{"href":"https:\/\/fasciainnovation.com\/sv\/wp-json\/wp\/v2\/types\/page"}],"author":[{"embeddable":true,"href":"https:\/\/fasciainnovation.com\/sv\/wp-json\/wp\/v2\/users\/2"}],"replies":[{"embeddable":true,"href":"https:\/\/fasciainnovation.com\/sv\/wp-json\/wp\/v2\/comments?post=30842"}],"version-history":[{"count":2,"href":"https:\/\/fasciainnovation.com\/sv\/wp-json\/wp\/v2\/pages\/30842\/revisions"}],"predecessor-version":[{"id":30936,"href":"https:\/\/fasciainnovation.com\/sv\/wp-json\/wp\/v2\/pages\/30842\/revisions\/30936"}],"wp:featuredmedia":[{"embeddable":true,"href":"https:\/\/fasciainnovation.com\/sv\/wp-json\/wp\/v2\/media\/24690"}],"wp:attachment":[{"href":"https:\/\/fasciainnovation.com\/sv\/wp-json\/wp\/v2\/media?parent=30842"}],"curies":[{"name":"wp","href":"https:\/\/api.w.org\/{rel}","templated":true}]}}